{"id":18094,"date":"2026-04-30T08:20:02","date_gmt":"2026-04-30T06:20:02","guid":{"rendered":"https:\/\/colegiosocorro.es\/tienda\/?post_type=product&#038;p=18094"},"modified":"2026-04-30T08:20:03","modified_gmt":"2026-04-30T06:20:03","slug":"3eso-visita-proyectos-sociales","status":"publish","type":"product","link":"https:\/\/colegiosocorro.es\/tienda\/producto\/3eso-visita-proyectos-sociales\/","title":{"rendered":"3ESO-Visita Proyectos Sociales"},"content":{"rendered":"<p>El 19 de mayo los alumnos de 3\u00ba de la ESO asistir\u00e1n a una actividad complementaria con la siguiente finalidad:<\/p>\n<ul>\n<li>Conocer c\u00f3mo es un d\u00eda en un monasterio<\/li>\n<li>Experimentar en persona lo estudiado sobre la vida religiosa de los monasterios<\/li>\n<\/ul>\n","protected":false},"excerpt":{"rendered":"<p>El 19 de mayo los alumnos de 3\u00ba de la ESO asistir\u00e1n a una actividad complementaria con la siguiente finalidad: Conocer c\u00f3mo es un d\u00eda en un monasterio Experimentar en persona lo estudiado sobre la vida religiosa de los monasterios<\/p>\n","protected":false},"featured_media":18096,"template":"","meta":{"site-sidebar-layout":"default","site-content-layout":"","ast-site-content-layout":"default","site-content-style":"default","site-sidebar-style":"default","ast-global-header-display":"","ast-banner-title-visibility":"","ast-main-header-display":"","ast-hfb-above-header-display":"","ast-hfb-below-header-display":"","ast-hfb-mobile-header-display":"","site-post-title":"","ast-breadcrumbs-content":"","ast-featured-img":"","footer-sml-layout":"","ast-disable-related-posts":"","theme-transparent-header-meta":"default","adv-header-id-meta":"","stick-header-meta":"","header-above-stick-meta":"","header-main-stick-meta":"","header-below-stick-meta":"","astra-migrate-meta-layouts":"set","ast-page-background-enabled":"default","ast-page-background-meta":{"desktop":{"background-color":"","background-image":"","background-repeat":"repeat","background-position":"center center","background-size":"auto","background-attachment":"scroll","background-type":"","background-media":"","overlay-type":"","overlay-color":"","overlay-opacity":"","overlay-gradient":""},"tablet":{"background-color":"","background-image":"","background-repeat":"repeat","background-position":"center center","background-size":"auto","background-attachment":"scroll","background-type":"","background-media":"","overlay-type":"","overlay-color":"","overlay-opacity":"","overlay-gradient":""},"mobile":{"background-color":"","background-image":"","background-repeat":"repeat","background-position":"center center","background-size":"auto","background-attachment":"scroll","background-type":"","background-media":"","overlay-type":"","overlay-color":"","overlay-opacity":"","overlay-gradient":""}},"ast-content-background-meta":{"desktop":{"background-color":"var(--ast-global-color-5)","background-image":"","background-repeat":"repeat","background-position":"center center","background-size":"auto","background-attachment":"scroll","background-type":"","background-media":"","overlay-type":"","overlay-color":"","overlay-opacity":"","overlay-gradient":""},"tablet":{"background-color":"var(--ast-global-color-5)","background-image":"","background-repeat":"repeat","background-position":"center center","background-size":"auto","background-attachment":"scroll","background-type":"","background-media":"","overlay-type":"","overlay-color":"","overlay-opacity":"","overlay-gradient":""},"mobile":{"background-color":"var(--ast-global-color-5)","background-image":"","background-repeat":"repeat","background-position":"center center","background-size":"auto","background-attachment":"scroll","background-type":"","background-media":"","overlay-type":"","overlay-color":"","overlay-opacity":"","overlay-gradient":""}}},"product_brand":[],"product_cat":[243],"product_tag":[],"class_list":{"0":"post-18094","1":"product","2":"type-product","3":"status-publish","4":"has-post-thumbnail","6":"product_cat-excursiones","7":"desktop-align-center","8":"tablet-align-center","9":"mobile-align-center","11":"first","12":"instock","13":"taxable","14":"shipping-taxable","15":"purchasable","16":"product-type-simple"},"_links":{"self":[{"href":"https:\/\/colegiosocorro.es\/tienda\/wp-json\/wp\/v2\/product\/18094","targetHints":{"allow":["GET"]}}],"collection":[{"href":"https:\/\/colegiosocorro.es\/tienda\/wp-json\/wp\/v2\/product"}],"about":[{"href":"https:\/\/colegiosocorro.es\/tienda\/wp-json\/wp\/v2\/types\/product"}],"version-history":[{"count":1,"href":"https:\/\/colegiosocorro.es\/tienda\/wp-json\/wp\/v2\/product\/18094\/revisions"}],"predecessor-version":[{"id":18097,"href":"https:\/\/colegiosocorro.es\/tienda\/wp-json\/wp\/v2\/product\/18094\/revisions\/18097"}],"wp:featuredmedia":[{"embeddable":true,"href":"https:\/\/colegiosocorro.es\/tienda\/wp-json\/wp\/v2\/media\/18096"}],"wp:attachment":[{"href":"https:\/\/colegiosocorro.es\/tienda\/wp-json\/wp\/v2\/media?parent=18094"}],"wp:term":[{"taxonomy":"product_brand","embeddable":true,"href":"https:\/\/colegiosocorro.es\/tienda\/wp-json\/wp\/v2\/product_brand?post=18094"},{"taxonomy":"product_cat","embeddable":true,"href":"https:\/\/colegiosocorro.es\/tienda\/wp-json\/wp\/v2\/product_cat?post=18094"},{"taxonomy":"product_tag","embeddable":true,"href":"https:\/\/colegiosocorro.es\/tienda\/wp-json\/wp\/v2\/product_tag?post=18094"}],"curies":[{"name":"wp","href":"https:\/\/api.w.org\/{rel}","templated":true}]}}