{"id":634,"date":"2019-07-05T12:39:10","date_gmt":"2019-07-05T10:39:10","guid":{"rendered":"https:\/\/colegiosocorro.es\/tienda\/?page_id=634"},"modified":"2023-03-23T10:15:51","modified_gmt":"2023-03-23T09:15:51","slug":"terminos-y-condiciones","status":"publish","type":"page","link":"https:\/\/colegiosocorro.es\/tienda\/terminos-y-condiciones\/","title":{"rendered":"Aviso Legal y pol\u00edtica de privacidad"},"content":{"rendered":"\n<p>El COLEGIO NUESTRA SRA. DEL SOCORRO, en adelante COLEGIO SOCORRO, en cumplimiento de la Ley 34\/2002,de 11 de julio, de servicios de la sociedad de la informaci\u00f3n y de comercio electr\u00f3nico, le informa que:<br><br>COLEGIO SOCORRO (en el contexto de este web tambi\u00e9n citada como www.colegiosocorro.es), indica que la web\u00a0<strong>colegiosocorro.es<\/strong>\u00a0tiene por objeto facilitar, al p\u00fablico en general, el conocimiento de las actividades que este Colegio realiza y de los servicios que presta.<br><br>Los derechos de propiedad intelectual del web colegiosocorro.es y de los distintos elementos en \u00e9l contenidos son titularidad de COLEGIO SOCORRO Corresponde a dicha empresa el ejercicio exclusivo de los derechos de explotaci\u00f3n de los mismos en cualquier forma y, en especial, los derechos de reproducci\u00f3n, distribuci\u00f3n, comunicaci\u00f3n p\u00fablica y transformaci\u00f3n.<\/p>\n\n\n\n<p>Se concede el derecho de reproducci\u00f3n parcial de su contenido siempre que concurran las siguientes condiciones:<\/p>\n\n\n\n<ul class=\"wp-block-list\">\n<li>Que sea compatible con los fines del web colegiosocorro.es.<\/li>\n\n\n\n<li>Que se realice con \u00e1nimo de obtener la informaci\u00f3n contenida y no con prop\u00f3sito comercial.<\/li>\n\n\n\n<li>Que ninguno de los documentos o gr\u00e1ficos relacionados en este web sean modificados de ninguna manera.<\/li>\n\n\n\n<li>Que ning\u00fan gr\u00e1fico disponible en este web sea utilizado, copiado o distribuido separadamente del texto o resto de im\u00e1genes que lo acompa\u00f1an.<\/li>\n\n\n\n<li>Que sea comunicado previamente a colegiosocorro.es.<\/li>\n<\/ul>\n\n\n\n<p><br>COLEGIO SOCORRO, se reserva la facultad de efectuar, en cualquier momento y sin necesidad de previo aviso, modificaciones y actualizaciones de la informaci\u00f3n contenida en su web o en la configuraci\u00f3n y presentaci\u00f3n de \u00e9ste.<br><br>COLEGIO SOCORRO, no garantiza la inexistencia de errores en el acceso al web, en su contenido, ni que \u00e9ste se encuentre actualizado, aunque desarrollar\u00e1 sus mejores esfuerzos para, en su caso, evitarlos, subsanarlos o actualizarlos.<br><br>Tanto el acceso a este web como el uso que pueda hacerse de la informaci\u00f3n contenida en el mismo es de la exclusiva responsabilidad de quien lo realiza. COLEGIO SOCORRO no responder\u00e1 de ninguna consecuencia, da\u00f1o o perjuicio que pudieran derivarse de dicho acceso o uso de la informaci\u00f3n.<br><br>COLEGIO SOCORRO no asume responsabilidad alguna derivada de la conexi\u00f3n o contenidos de los enlaces de terceros a los que se hace referencia en la web.<br><br>COLEGIO SOCORRO es titular de los derechos de propiedad industrial referidos a sus servicios. Respecto a las citas de servicios de terceros COLEGIO SOCORRO reconoce a favor de sus titulares los correspondientes derechos de propiedad industrial e intelectual, no implicando su sola menci\u00f3n o aparici\u00f3n en el web la existencia de derechos o responsabilidad alguna de COLEGIO SOCORRO sobre los mismos, como tampoco respaldo, patrocinio, recomendaci\u00f3n por parte de COLEGIO SOCORRO.<br><br>La utilizaci\u00f3n no autorizada de la informaci\u00f3n contenida en esta web, as\u00ed como la lesi\u00f3n de los derechos de Propiedad Intelectual o Industrial de COLEGIO SOCORRO, dar\u00e1 lugar a las responsabilidades legalmente establecidas.<\/p>\n\n\n\n<h2 class=\"wp-block-heading\">Pol\u00edtica de privacidad<\/h2>\n\n\n\n<p>La Pol\u00edtica de Privacidad forma parte del Aviso Legal que rige la P\u00e1gina Web:<strong><a href=\"http:\/\/www.colegiosocorro.es\/\">\u00a0www.colegiosocorro.es<\/a><\/strong>\u00a0junto con la\u00a0<a rel=\"noreferrer noopener\" href=\"https:\/\/colegiosocorro.es\/pagina.php?p_menuwebcontenido_id=32\" target=\"_blank\">Normativa de Uso de Cookies<\/a>.<\/p>\n\n\n\n<p>La p\u00e1gina Web<strong>&nbsp;<a href=\"http:\/\/www.colegiosocorro.es\/\">www.colegiosocorro.es<\/a><\/strong>&nbsp;es titularidad &nbsp;de la &nbsp;<strong>Parroquia &nbsp;Nuestra &nbsp;Se\u00f1ora del Socorro<\/strong>&nbsp;y cumple con los requisitos derivados de la Ley 34\/2002, de 11 de julio, de Servicios de la Sociedad de la Informaci\u00f3n y &nbsp;de &nbsp;Comercio Electr\u00f3nico, y normativa vigente relativa a la protecci\u00f3n de datos de car\u00e1cter personal y, en particular, &nbsp;<em><strong>el Reglamento (UE) 2016\/679 &nbsp;del Parlamento &nbsp;Europeo &nbsp;y del Consejo, de&nbsp;<\/strong><\/em><em><strong>27 de abril de 2016<\/strong><\/em>, relativo a la protecci\u00f3n de las personas f\u00edsicas en &nbsp;lo &nbsp;que respecta al tratamiento de datos personales y a la libre circulaci\u00f3n de estos datos<\/p>\n\n\n\n<p>Parroquia Nuestra Se\u00f1ora del Socorro se reserva el derecho a modificar o adaptar la presente Pol\u00edtica de Privacidad en todo &nbsp;momento. &nbsp;Por lo tanto,&nbsp; te &nbsp;recomendamos que revises la misma cada vez que accedas a la P\u00e1gina Web.<\/p>\n\n\n\n<p>En el supuesto de que te hayas registrado en la p\u00e1gina web y accedas a tu cuenta &nbsp;o &nbsp;perfil, &nbsp;al acceder a la misma, se te informar\u00e1 en el supuesto de que &nbsp;haya &nbsp;habido modificaciones sustanciales en relaci\u00f3n con el tratamiento de tus datos personales.<\/p>\n\n\n\n<p><strong><em>\u00bfQui\u00e9n \u00a0es el RESPONSABLE DEL TRATAMIENTO?<\/em><\/strong><\/p>\n\n\n\n<p>Los datos que se recojan o nos facilites voluntariamente por medio &nbsp;de &nbsp;la &nbsp;P\u00e1gina Web, ya sea por la navegaci\u00f3n en la misma, as\u00ed como todos &nbsp;aquellos &nbsp;que &nbsp;nos puedas facilitar en los formularios de contacto, v\u00eda email o por tel\u00e9fono, ser\u00e1n recabados y tratados por el Responsable del Fichero, cuyos datos se indican a continuaci\u00f3n:<\/p>\n\n\n\n<figure class=\"wp-block-table\"><table><tbody><tr><td>Identidad&nbsp;&nbsp;&nbsp;&nbsp;&nbsp;&nbsp;&nbsp;&nbsp;&nbsp;&nbsp;&nbsp;&nbsp;&nbsp;&nbsp;<strong>Parroquia &nbsp;Nuestra &nbsp;Se\u00f1ora &nbsp;del Socorro<\/strong><\/td><\/tr><tr><td>&nbsp;<\/td><\/tr><tr><td>&nbsp;CIF:&nbsp; &nbsp; &nbsp; &nbsp; &nbsp; &nbsp; &nbsp; &nbsp; &nbsp; &nbsp; &nbsp; &nbsp; &nbsp;<strong>R4600686B<\/strong><\/td><\/tr><tr><td><strong>&nbsp;Direcci\u00f3n<\/strong><strong>&nbsp;&nbsp;postal&nbsp; &nbsp; &nbsp;&nbsp;<\/strong>C\/ Cervantes, 64 &#8211; 46910 \u2013 Benet\u00fasser (VALENCIA)<\/td><\/tr><tr><td>&nbsp;<strong>Tel\u00e9fono&nbsp;&nbsp;&nbsp;&nbsp;&nbsp;&nbsp;&nbsp;&nbsp;&nbsp;&nbsp;&nbsp;&nbsp;&nbsp;&nbsp;&nbsp;<\/strong>963751050<\/td><\/tr><tr><td>&nbsp;<strong>Correo-<\/strong><strong>e&nbsp;&nbsp;&nbsp;&nbsp;&nbsp;&nbsp;&nbsp;&nbsp;&nbsp;&nbsp;&nbsp;&nbsp;&nbsp;&nbsp;&nbsp;<\/strong><a href=\"mailto:colegio@colegiosocorro.es\">colegio@colegiosocorro.es<\/a><\/td><\/tr><tr><td><strong>&nbsp;URL:&nbsp; &nbsp; &nbsp; &nbsp; &nbsp; &nbsp; &nbsp; &nbsp; &nbsp; &nbsp; &nbsp;&nbsp;<\/strong><a href=\"http:\/\/www.colegiosocorro.es\/\">www.colegiosocorro.es<\/a><\/td><\/tr><tr><td><strong>Contacto DPD:&nbsp; &nbsp;&nbsp;<\/strong><a href=\"mailto:dpd@prodatvalencia.es\">dpd@prodatvalencia.es<\/a>&nbsp;<\/td><\/tr><\/tbody><\/table><\/figure>\n\n\n\n<p>Si, por cualquier motivo, quieres ponerte en contacto con nosotros en cualquier cuesti\u00f3n relacionada con el tratamiento de sus datos&nbsp; personales o privacidad (con nuestro&nbsp;<a href=\"mailto:dpd@prodatvalencia.es\">Delegado de Protecci\u00f3n de Datos<\/a>), &nbsp;puedes &nbsp;hacerlo &nbsp;a trav\u00e9s &nbsp;de cualquiera de los medios indicados anteriormente.<\/p>\n\n\n\n<p><strong>\u00bfCu\u00e1les son tus DERECHOS en relaci\u00f3n &nbsp;con el tratamiento &nbsp;de tus datos?<\/strong><\/p>\n\n\n\n<p>Cualquier persona tiene derecho a obtener informaci\u00f3n sobre la existencia del tratamiento de sus datos personales, acceder a la informaci\u00f3n &nbsp;y datos &nbsp;personales que Parroquia Nuestra Se\u00f1ora del Socorro, tiene, solicitar la &nbsp;rectificaci\u00f3n de &nbsp;los datos &nbsp;inexactos &nbsp;o, en &nbsp;su caso, &nbsp;solicitar &nbsp;la supresi\u00f3n, &nbsp;cuando, &nbsp;entre &nbsp;otros &nbsp;motivos,&nbsp;los datos ya no sean necesarios para los fines para los que fueron recogidos o el interesado retire el consentimiento que haya otorgado.<\/p>\n\n\n\n<p>En determinados supuestos, el interesado podr\u00e1&nbsp; solicitar &nbsp;la &nbsp;limitaci\u00f3n &nbsp;del tratamiento de sus datos, en cuyo caso, solo los conservaremos de acuerdo con la normativa vigente.<\/p>\n\n\n\n<p>En algunos casos, puedes ejercitar tu derecho a la portabilidad &nbsp;de &nbsp;los &nbsp;datos, &nbsp;que ser\u00e1n entregados en un formato adecuado, de uso com\u00fan &nbsp;o &nbsp;lectura &nbsp;mec\u00e1nica &nbsp;a ti o el nuevo responsable del tratamiento que designe.<\/p>\n\n\n\n<p>Tienes derecho a revocar en cualquier &nbsp;momento &nbsp;el consentimiento &nbsp;para &nbsp;cualquiera de los tratamientos para los que lo has otorgado.<\/p>\n\n\n\n<p>Parroquia Nuestra Se\u00f1ora del Socorro dispone de formularios para el ejercicio de cualquiera de los citados derechos, para lo que deber\u00e1s ponerte en contacto con nosotros en la siguiente direcci\u00f3n de correo &nbsp;electr\u00f3nica&nbsp;<a href=\"mailto:colegio@colegiosocorro.es\">colegio@colegiosocorro.es<\/a>&nbsp;solicitando &nbsp;el&nbsp; modelo &nbsp;que &nbsp;necesites. &nbsp;Del &nbsp;mismo modo, puedes utilizar los que la Agencia Espa\u00f1ola de Protecci\u00f3n de Datos o terceros ponen a disposici\u00f3n de los interesados.<\/p>\n\n\n\n<p>Estos formularios deber\u00e1n ir firmados electr\u00f3nicamente o ir&nbsp; acompa\u00f1ados de fotocopia del DNI. Si se act\u00faa por medio de representante, adem\u00e1s, deber\u00e1 ir acompa\u00f1ado de tu copia de DNI o firma electr\u00f3nica.<\/p>\n\n\n\n<p>Los formularios deber\u00e1n ser presentados presencialmente en el &nbsp;domicilio &nbsp;de Parroquia Nuestra Se\u00f1ora del Socorro indicado anteriormente o, en su caso, enviado por correo electr\u00f3nico.&nbsp;<\/p>\n\n\n\n<p>Tienes derecho a presentar una reclamaci\u00f3n ante la Agencia Espa\u00f1ola de Protecci\u00f3n de Datos, en el supuesto de que consideres &nbsp;que &nbsp;no &nbsp;se &nbsp;ha &nbsp;atendido convenientemente &nbsp;la solicitud de tus derechos.<\/p>\n\n\n\n<p>El plazo m\u00e1ximo para resolver por Parroquia Nuestra Se\u00f1ora del&nbsp; Socorro &nbsp;es de un mes, a contar desde la efectiva recepci\u00f3n de tu solicitud por nuestra parte.<\/p>\n\n\n\n<p><em><strong>\u00bfQUE DATOS RECOPILAMOS \u00a0A TRAV\u00c9S DE LA P\u00c1GINA WEB?<\/strong><\/em><\/p>\n\n\n\n<p><strong>Datos&nbsp;<\/strong><strong>almacenados<\/strong><strong>&nbsp;&nbsp;por la navegaci\u00f3n &nbsp;y uso de la P\u00e1gina &nbsp;Web<\/strong><\/p>\n\n\n\n<p>Por el simple hecho de navegar en la P\u00e1gina Web, de Parroquia Nuestra Se\u00f1ora del Socorro, \u00fanicamente recopilar\u00e1 informaci\u00f3n referente a:<\/p>\n\n\n\n<p><strong><em>&#8211;&nbsp; Duraci\u00f3n de la visita o navegaci\u00f3n por la P\u00e1gina web<\/em><\/strong><\/p>\n\n\n\n<p>Tal informaci\u00f3n puede almacenarse mediante Google Analytics, por lo que nos remitimos a la Pol\u00edtica de Privacidad de Google, ya que \u00e9ste recaba y trata tal informaci\u00f3n.<\/p>\n\n\n\n<p><a href=\"http:\/\/www.google.com\/intl\/en\/policies\/privacy\/\">http:\/\/www.google.com\/intl\/en\/policies\/privacy\/<\/a><\/p>\n\n\n\n<p>Del mismo modo, en la P\u00e1gina Web se puede facilitar la utilidad de Google Maps, la cual podr\u00eda tener acceso a tu ubicaci\u00f3n, en el supuesto de que se lo permitas, con el fin de facilitarte una mayor especificidad sobre la distancia y\/o &nbsp;caminos &nbsp;a nuestras sedes. A este respecto, nos remitimos a la Pol\u00edtica de Privacidad &nbsp;utilizada &nbsp;por Google &nbsp;Maps,&nbsp; &nbsp;con&nbsp; &nbsp;el&nbsp; &nbsp;fin&nbsp; &nbsp;de&nbsp; &nbsp;conocer&nbsp; &nbsp;el&nbsp; &nbsp;uso&nbsp; &nbsp;y&nbsp; &nbsp;tratamiento&nbsp; &nbsp;de&nbsp; &nbsp;tales&nbsp; &nbsp;datos<\/p>\n\n\n\n<p>\u00a0<a href=\"http:\/\/www.google.com\/intl\/en\/policies\/privacy\/\">http:\/\/www.google.com\/intl\/en\/policies\/privacy\/<\/a><\/p>\n\n\n\n<p>La informaci\u00f3n que nosotros manejamos no est\u00e1 relacionada con un usuario concreto y se almacena en nuestras bases de datos, con la finalidad de realizar an\u00e1lisis estad\u00edsticos, mejoras en la P\u00e1gina Web, sobre nuestros&nbsp; productos y\/o servicios y nos ayudar\u00e1 a mejorar nuestra estrategia comercial. Los datos no ser\u00e1n comunicados a terceros.&nbsp;<\/p>\n\n\n\n<p><strong><em>Trabaja \u00a0con nosotros<\/em><\/strong><\/p>\n\n\n\n<p>En el supuesto de que nos facilites tu curriculum vitae, ya &nbsp;sea &nbsp;por &nbsp;medio &nbsp;de &nbsp;la P\u00e1gina Web, correo electr\u00f3nico o f\u00edsicamente en el domicilio o cualquier sede de Parroquia Nuestra Se\u00f1ora del Socorro, los incorporar\u00e1 en su base de datos.<\/p>\n\n\n\n<p>El curriculum ser\u00e1 almacenado durante el plazo de 1 a\u00f1o, tras el cual, en el caso de no habernos puestos en contacto contigo, ser\u00e1 eliminado.<\/p>\n\n\n\n<p>La base legal para el tratamiento se basar\u00e1 en el consentimiento expreso otorgado por el interesado para el tratamiento de los datos contenidos en el &nbsp;curriculum &nbsp;al remitir el mismo y marcar la casilla habilitada a tal efecto.<\/p>\n\n\n\n<p>La finalidad del tratamiento es incorporarte a presentes y futuros procesos de selecci\u00f3n de Parroquia Nuestra Se\u00f1ora del Socorro.<\/p>\n\n\n\n<p>En el supuesto de que finalmente, el interesado se incorpore como empleado a Parroquia Nuestra Se\u00f1ora del Socorro, sus datos se incorporar\u00e1n &nbsp;a &nbsp;una &nbsp;base &nbsp;de datos propiedad del mismo, con el fin de gestionar internamente la relaci\u00f3n laboral empleado- empleador.<\/p>\n","protected":false},"excerpt":{"rendered":"<p>El COLEGIO NUESTRA SRA. DEL SOCORRO, en adelante COLEGIO SOCORRO, en cumplimiento de la Ley 34\/2002,de 11 de julio, de servicios de la sociedad de la informaci\u00f3n y de comercio electr\u00f3nico, le informa que: COLEGIO SOCORRO (en el contexto de este web tambi\u00e9n citada como www.colegiosocorro.es), indica que la web\u00a0colegiosocorro.es\u00a0tiene por objeto facilitar, al p\u00fablico [&hellip;]<\/p>\n","protected":false},"author":1,"featured_media":0,"parent":0,"menu_order":0,"comment_status":"closed","ping_status":"closed","template":"","meta":{"site-sidebar-layout":"default","site-content-layout":"default","ast-site-content-layout":"default","site-content-style":"default","site-sidebar-style":"default","ast-global-header-display":"","ast-banner-title-visibility":"","ast-main-header-display":"","ast-hfb-above-header-display":"","ast-hfb-below-header-display":"","ast-hfb-mobile-header-display":"","site-post-title":"","ast-breadcrumbs-content":"","ast-featured-img":"","footer-sml-layout":"","ast-disable-related-posts":"","theme-transparent-header-meta":"default","adv-header-id-meta":"","stick-header-meta":"default","header-above-stick-meta":"","header-main-stick-meta":"","header-below-stick-meta":"","astra-migrate-meta-layouts":"default","ast-page-background-enabled":"default","ast-page-background-meta":{"desktop":{"background-color":"","background-image":"","background-repeat":"repeat","background-position":"center center","background-size":"auto","background-attachment":"scroll","background-type":"","background-media":"","overlay-type":"","overlay-color":"","overlay-opacity":"","overlay-gradient":""},"tablet":{"background-color":"","background-image":"","background-repeat":"repeat","background-position":"center center","background-size":"auto","background-attachment":"scroll","background-type":"","background-media":"","overlay-type":"","overlay-color":"","overlay-opacity":"","overlay-gradient":""},"mobile":{"background-color":"","background-image":"","background-repeat":"repeat","background-position":"center center","background-size":"auto","background-attachment":"scroll","background-type":"","background-media":"","overlay-type":"","overlay-color":"","overlay-opacity":"","overlay-gradient":""}},"ast-content-background-meta":{"desktop":{"background-color":"var(--ast-global-color-5)","background-image":"","background-repeat":"repeat","background-position":"center center","background-size":"auto","background-attachment":"scroll","background-type":"","background-media":"","overlay-type":"","overlay-color":"","overlay-opacity":"","overlay-gradient":""},"tablet":{"background-color":"var(--ast-global-color-5)","background-image":"","background-repeat":"repeat","background-position":"center center","background-size":"auto","background-attachment":"scroll","background-type":"","background-media":"","overlay-type":"","overlay-color":"","overlay-opacity":"","overlay-gradient":""},"mobile":{"background-color":"var(--ast-global-color-5)","background-image":"","background-repeat":"repeat","background-position":"center center","background-size":"auto","background-attachment":"scroll","background-type":"","background-media":"","overlay-type":"","overlay-color":"","overlay-opacity":"","overlay-gradient":""}},"footnotes":""},"yst_prominent_words":[],"class_list":["post-634","page","type-page","status-publish","hentry"],"_links":{"self":[{"href":"https:\/\/colegiosocorro.es\/tienda\/wp-json\/wp\/v2\/pages\/634","targetHints":{"allow":["GET"]}}],"collection":[{"href":"https:\/\/colegiosocorro.es\/tienda\/wp-json\/wp\/v2\/pages"}],"about":[{"href":"https:\/\/colegiosocorro.es\/tienda\/wp-json\/wp\/v2\/types\/page"}],"author":[{"embeddable":true,"href":"https:\/\/colegiosocorro.es\/tienda\/wp-json\/wp\/v2\/users\/1"}],"replies":[{"embeddable":true,"href":"https:\/\/colegiosocorro.es\/tienda\/wp-json\/wp\/v2\/comments?post=634"}],"version-history":[{"count":1,"href":"https:\/\/colegiosocorro.es\/tienda\/wp-json\/wp\/v2\/pages\/634\/revisions"}],"predecessor-version":[{"id":10634,"href":"https:\/\/colegiosocorro.es\/tienda\/wp-json\/wp\/v2\/pages\/634\/revisions\/10634"}],"wp:attachment":[{"href":"https:\/\/colegiosocorro.es\/tienda\/wp-json\/wp\/v2\/media?parent=634"}],"wp:term":[{"taxonomy":"yst_prominent_words","embeddable":true,"href":"https:\/\/colegiosocorro.es\/tienda\/wp-json\/wp\/v2\/yst_prominent_words?post=634"}],"curies":[{"name":"wp","href":"https:\/\/api.w.org\/{rel}","templated":true}]}}