{"id":1738,"date":"2019-09-20T12:36:01","date_gmt":"2019-09-20T10:36:01","guid":{"rendered":"https:\/\/colegiosocorro.es\/tienda\/?page_id=1738"},"modified":"2023-04-19T16:12:20","modified_gmt":"2023-04-19T14:12:20","slug":"politica-de-venta-y-cancelacion-devolucion","status":"publish","type":"page","link":"https:\/\/colegiosocorro.es\/tienda\/politica-de-venta-y-cancelacion-devolucion\/","title":{"rendered":"Pol\u00edtica de venta y cambio\/devoluci\u00f3n"},"content":{"rendered":"\n<p><strong>Pol\u00edtica de devoluciones y cambio de pedidos.<\/strong><\/p>\n\n\n\n<p class=\"has-text-align-center\">El presente documento tiene como objetivo establecer la pol\u00edtica de <strong>devoluciones <\/strong>y <strong>cambios <\/strong><br>en los productos de la tienda online de la web del <strong>Colegio Nuestra Se\u00f1ora del Socorro<\/strong> de Benet\u00fasser.<\/p>\n\n\n\n<p>El colegio  podr\u00e1 aceptar la <strong>devoluci\u00f3n <\/strong>o el <strong>cambio <\/strong>de los productos de su tienda on-line:<\/p>\n\n\n\n<ul class=\"wp-block-list\">\n<li>Bajo el ejercicio <strong>del derecho<\/strong> <strong>de<\/strong> <strong>desistimiento <\/strong>del cliente, siempre y cuando cumpla con todas y cada una de las condiciones que se establecen en la siguiente pol\u00edtica de Devoluciones.<\/li>\n\n\n\n<li>Los <strong>art\u00edculos <\/strong>que fueran <strong>entregados err\u00f3neamente<\/strong>, seg\u00fan el pedido, o en <strong>estado defectuoso<\/strong> y que ser\u00e1n reemplazados.<\/li>\n<\/ul>\n\n\n\n<p>Para todos estos casos, nuestra politica de devoluciones se adaptar\u00e1 a los siguientes puntos:<\/p>\n\n\n\n<ul class=\"wp-block-list\">\n<li>El plazo m\u00e1ximo para recibir una devoluci\u00f3n de producto ser\u00e1 de <strong>30 (TREINTA) d\u00edas naturales <\/strong>a partir de la fecha de facturaci\u00f3n, no hay excepciones.<\/li>\n\n\n\n<li>El producto deber\u00e1 encontrase completo, en perfecto estado para su venta cerrado, los sellos, empaques, manuales y accesorios deben ser originales , los art\u00edculos adquiridos deber\u00e1n ser devueltos empaquetados cuidadosamente en el paquete original.<\/li>\n\n\n\n<li>Nuestra Pol\u00edtica de Devoluciones, podr\u00e1 cambiar sin necesidad de previo aviso.<\/li>\n\n\n\n<li>Cualquier devoluci\u00f3n, ser\u00e1 reembolsada en caso de proceder, por medio de una factura rectificativa, igual a la del pedido inicial. La <strong>devoluci\u00f3n se efectuar\u00e1 <\/strong>por <strong>transferencia<\/strong> bancaria a la cuenta que indique el titular de la compra realizada.<\/li>\n\n\n\n<li>En ning\u00fan caso se reembolsar\u00e1 en efectivo<strong>.<\/strong><\/li>\n\n\n\n<li>En el caso de Excursiones \u00fanicamente se devolver\u00e1 el importe abonado en caso de error de selecci\u00f3n de la actividad.<\/li>\n<\/ul>\n\n\n\n<p><strong>Procedimiento de devoluci\u00f3n: (derecho de desistimiento)<\/strong><\/p>\n\n\n\n<ul class=\"wp-block-list\">\n<li>El Cliente, deber\u00e1 solicitar la <strong>AUTORIZACION DE DEVOLUCI\u00d3N<\/strong>, en la Secretar\u00eda del Colegio de Primaria presencialmente, por tel\u00e9fono al <strong>96 396 24 02<\/strong>  o al correo <strong>colegio@colegiosocorro.es<\/strong> y adjuntando la factura del pedido.<\/li>\n<\/ul>\n\n\n\n<ul class=\"wp-block-list\"><\/ul>\n\n\n\n<p><strong>Pol\u00edtica de entrega de la mercanc\u00eda.<\/strong><\/p>\n\n\n\n<p>Los pedidos de libros de texto ser\u00e1n entregados, en el aula, a los alumnos que hayan hecho la compra previa de los libros a trav\u00e9s de la web. Esta entrega ser\u00e1 en la primera semana de curso, siempre que los productos se encuentren en stock y que hayan sido abonados por el m\u00e9todo de pago elegido en la web.<\/p>\n\n\n\n<p>Para la recogida de los libros, los padres no deber\u00e1n acudir al centro puesto que \u00e9stos ser\u00e1n entregados por los tutores a&nbsp; los propios ni\u00f1os.<\/p>\n\n\n\n<p><strong>Env\u00edo a domicilio.<\/strong><\/p>\n\n\n\n<p>No est\u00e1 previsto el env\u00edo a domicilio de los libros por lo que la entrega ser\u00e1 la indicada en la Pol\u00edtica de entrega de la mercanc\u00eda.<\/p>\n","protected":false},"excerpt":{"rendered":"<p>Pol\u00edtica de devoluciones y cambio de pedidos. El presente documento tiene como objetivo establecer la pol\u00edtica de devoluciones y cambios en los productos de la tienda online de la web del Colegio Nuestra Se\u00f1ora del Socorro de Benet\u00fasser. El colegio podr\u00e1 aceptar la devoluci\u00f3n o el cambio de los productos de su tienda on-line: Para [&hellip;]<\/p>\n","protected":false},"author":1,"featured_media":0,"parent":0,"menu_order":0,"comment_status":"closed","ping_status":"closed","template":"","meta":{"site-sidebar-layout":"default","site-content-layout":"default","ast-site-content-layout":"default","site-content-style":"default","site-sidebar-style":"default","ast-global-header-display":"","ast-banner-title-visibility":"","ast-main-header-display":"","ast-hfb-above-header-display":"","ast-hfb-below-header-display":"","ast-hfb-mobile-header-display":"","site-post-title":"","ast-breadcrumbs-content":"","ast-featured-img":"","footer-sml-layout":"","ast-disable-related-posts":"","theme-transparent-header-meta":"default","adv-header-id-meta":"","stick-header-meta":"default","header-above-stick-meta":"","header-main-stick-meta":"","header-below-stick-meta":"","astra-migrate-meta-layouts":"default","ast-page-background-enabled":"default","ast-page-background-meta":{"desktop":{"background-color":"","background-image":"","background-repeat":"repeat","background-position":"center center","background-size":"auto","background-attachment":"scroll","background-type":"","background-media":"","overlay-type":"","overlay-color":"","overlay-opacity":"","overlay-gradient":""},"tablet":{"background-color":"","background-image":"","background-repeat":"repeat","background-position":"center center","background-size":"auto","background-attachment":"scroll","background-type":"","background-media":"","overlay-type":"","overlay-color":"","overlay-opacity":"","overlay-gradient":""},"mobile":{"background-color":"","background-image":"","background-repeat":"repeat","background-position":"center center","background-size":"auto","background-attachment":"scroll","background-type":"","background-media":"","overlay-type":"","overlay-color":"","overlay-opacity":"","overlay-gradient":""}},"ast-content-background-meta":{"desktop":{"background-color":"var(--ast-global-color-5)","background-image":"","background-repeat":"repeat","background-position":"center center","background-size":"auto","background-attachment":"scroll","background-type":"","background-media":"","overlay-type":"","overlay-color":"","overlay-opacity":"","overlay-gradient":""},"tablet":{"background-color":"var(--ast-global-color-5)","background-image":"","background-repeat":"repeat","background-position":"center center","background-size":"auto","background-attachment":"scroll","background-type":"","background-media":"","overlay-type":"","overlay-color":"","overlay-opacity":"","overlay-gradient":""},"mobile":{"background-color":"var(--ast-global-color-5)","background-image":"","background-repeat":"repeat","background-position":"center center","background-size":"auto","background-attachment":"scroll","background-type":"","background-media":"","overlay-type":"","overlay-color":"","overlay-opacity":"","overlay-gradient":""}},"footnotes":""},"yst_prominent_words":[379,391,392],"class_list":["post-1738","page","type-page","status-publish","hentry"],"_links":{"self":[{"href":"https:\/\/colegiosocorro.es\/tienda\/wp-json\/wp\/v2\/pages\/1738","targetHints":{"allow":["GET"]}}],"collection":[{"href":"https:\/\/colegiosocorro.es\/tienda\/wp-json\/wp\/v2\/pages"}],"about":[{"href":"https:\/\/colegiosocorro.es\/tienda\/wp-json\/wp\/v2\/types\/page"}],"author":[{"embeddable":true,"href":"https:\/\/colegiosocorro.es\/tienda\/wp-json\/wp\/v2\/users\/1"}],"replies":[{"embeddable":true,"href":"https:\/\/colegiosocorro.es\/tienda\/wp-json\/wp\/v2\/comments?post=1738"}],"version-history":[{"count":8,"href":"https:\/\/colegiosocorro.es\/tienda\/wp-json\/wp\/v2\/pages\/1738\/revisions"}],"predecessor-version":[{"id":10805,"href":"https:\/\/colegiosocorro.es\/tienda\/wp-json\/wp\/v2\/pages\/1738\/revisions\/10805"}],"wp:attachment":[{"href":"https:\/\/colegiosocorro.es\/tienda\/wp-json\/wp\/v2\/media?parent=1738"}],"wp:term":[{"taxonomy":"yst_prominent_words","embeddable":true,"href":"https:\/\/colegiosocorro.es\/tienda\/wp-json\/wp\/v2\/yst_prominent_words?post=1738"}],"curies":[{"name":"wp","href":"https:\/\/api.w.org\/{rel}","templated":true}]}}